{"id":2666,"date":"2021-03-27T10:10:12","date_gmt":"2021-03-27T15:10:12","guid":{"rendered":"https:\/\/frontenactours.com\/?page_id=2666"},"modified":"2023-03-01T10:18:05","modified_gmt":"2023-03-01T15:18:05","slug":"meet-the-history-of-the-irish-walking-tour","status":"publish","type":"page","link":"https:\/\/frontenactours.com\/fr\/meet-the-history-of-the-irish-walking-tour\/","title":{"rendered":"\u00c0 la rencontre de l\u2019histoire des Irlandais"},"content":{"rendered":"<div data-elementor-type=\"wp-page\" data-elementor-id=\"2666\" class=\"elementor elementor-2666\">\n\t\t\t\t\t\t<section class=\"elementor-section elementor-top-section elementor-element elementor-element-03e0f7d elementor-section-boxed elementor-section-height-default elementor-section-height-default\" data-id=\"03e0f7d\" data-element_type=\"section\" data-e-type=\"section\">\n\t\t\t\t\t\t<div class=\"elementor-container elementor-column-gap-default\">\n\t\t\t\t\t<div class=\"elementor-column elementor-col-100 elementor-top-column elementor-element elementor-element-b63b728\" data-id=\"b63b728\" data-element_type=\"column\" data-e-type=\"column\">\n\t\t\t<div class=\"elementor-widget-wrap elementor-element-populated\">\n\t\t\t\t\t\t<section class=\"elementor-section elementor-inner-section elementor-element elementor-element-40350be elementor-section-boxed elementor-section-height-default elementor-section-height-default\" data-id=\"40350be\" data-element_type=\"section\" data-e-type=\"section\">\n\t\t\t\t\t\t<div class=\"elementor-container elementor-column-gap-default\">\n\t\t\t\t\t<div class=\"elementor-column elementor-col-50 elementor-inner-column elementor-element elementor-element-76fc870\" data-id=\"76fc870\" data-element_type=\"column\" data-e-type=\"column\">\n\t\t\t<div class=\"elementor-widget-wrap elementor-element-populated\">\n\t\t\t\t\t\t<div class=\"elementor-element elementor-element-72390ec elementor-icon-list--layout-traditional elementor-list-item-link-full_width elementor-widget elementor-widget-icon-list\" data-id=\"72390ec\" data-element_type=\"widget\" data-e-type=\"widget\" data-widget_type=\"icon-list.default\">\n\t\t\t\t<div class=\"elementor-widget-container\">\n\t\t\t\t\t\t\t<ul class=\"elementor-icon-list-items\">\n\t\t\t\t\t\t\t<li class=\"elementor-icon-list-item\">\n\t\t\t\t\t\t\t\t\t\t\t<span class=\"elementor-icon-list-icon\">\n\t\t\t\t\t\t\t<i aria-hidden=\"true\" class=\"fas fa-camera-retro\"><\/i>\t\t\t\t\t\t<\/span>\n\t\t\t\t\t\t\t\t\t\t<span class=\"elementor-icon-list-text\">Parfait pour la photographie<\/span>\n\t\t\t\t\t\t\t\t\t<\/li>\n\t\t\t\t\t\t\t\t<li class=\"elementor-icon-list-item\">\n\t\t\t\t\t\t\t\t\t\t\t<span class=\"elementor-icon-list-icon\">\n\t\t\t\t\t\t\t<i aria-hidden=\"true\" class=\"fas fa-hourglass-half\"><\/i>\t\t\t\t\t\t<\/span>\n\t\t\t\t\t\t\t\t\t\t<span class=\"elementor-icon-list-text\">3 heures<\/span>\n\t\t\t\t\t\t\t\t\t<\/li>\n\t\t\t\t\t\t\t\t<li class=\"elementor-icon-list-item\">\n\t\t\t\t\t\t\t\t\t\t\t<span class=\"elementor-icon-list-icon\">\n\t\t\t\t\t\t\t<i aria-hidden=\"true\" class=\"fas fa-male\"><\/i>\t\t\t\t\t\t<\/span>\n\t\t\t\t\t\t\t\t\t\t<span class=\"elementor-icon-list-text\">Circuit priv\u00e9<\/span>\n\t\t\t\t\t\t\t\t\t<\/li>\n\t\t\t\t\t\t<\/ul>\n\t\t\t\t\t\t<\/div>\n\t\t\t\t<\/div>\n\t\t\t\t\t<\/div>\n\t\t<\/div>\n\t\t\t\t<div class=\"elementor-column elementor-col-50 elementor-inner-column elementor-element elementor-element-616472a\" data-id=\"616472a\" data-element_type=\"column\" data-e-type=\"column\">\n\t\t\t<div class=\"elementor-widget-wrap elementor-element-populated\">\n\t\t\t\t\t\t<div class=\"elementor-element elementor-element-1ed44bb elementor-icon-list--layout-traditional elementor-list-item-link-full_width elementor-widget elementor-widget-icon-list\" data-id=\"1ed44bb\" data-element_type=\"widget\" data-e-type=\"widget\" data-widget_type=\"icon-list.default\">\n\t\t\t\t<div class=\"elementor-widget-container\">\n\t\t\t\t\t\t\t<ul class=\"elementor-icon-list-items\">\n\t\t\t\t\t\t\t<li class=\"elementor-icon-list-item\">\n\t\t\t\t\t\t\t\t\t\t\t<span class=\"elementor-icon-list-icon\">\n\t\t\t\t\t\t\t<i aria-hidden=\"true\" class=\"fas fa-ship\"><\/i>\t\t\t\t\t\t<\/span>\n\t\t\t\t\t\t\t\t\t\t<span class=\"elementor-icon-list-text\">Bonne id\u00e9e pour les croisi\u00e9ristes<\/span>\n\t\t\t\t\t\t\t\t\t<\/li>\n\t\t\t\t\t\t\t\t<li class=\"elementor-icon-list-item\">\n\t\t\t\t\t\t\t\t\t\t\t<span class=\"elementor-icon-list-icon\">\n\t\t\t\t\t\t\t<i aria-hidden=\"true\" class=\"fas fa-walking\"><\/i>\t\t\t\t\t\t<\/span>\n\t\t\t\t\t\t\t\t\t\t<span class=\"elementor-icon-list-text\">Circuit p\u00e9destre<\/span>\n\t\t\t\t\t\t\t\t\t<\/li>\n\t\t\t\t\t\t\t\t<li class=\"elementor-icon-list-item\">\n\t\t\t\t\t\t\t\t\t\t\t<span class=\"elementor-icon-list-icon\">\n\t\t\t\t\t\t\t<i aria-hidden=\"true\" class=\"fas fa-temperature-low\"><\/i>\t\t\t\t\t\t<\/span>\n\t\t\t\t\t\t\t\t\t\t<span class=\"elementor-icon-list-text\">Au soleil, sous la pluie ou l'hiver<\/span>\n\t\t\t\t\t\t\t\t\t<\/li>\n\t\t\t\t\t\t<\/ul>\n\t\t\t\t\t\t<\/div>\n\t\t\t\t<\/div>\n\t\t\t\t\t<\/div>\n\t\t<\/div>\n\t\t\t\t\t<\/div>\n\t\t<\/section>\n\t\t\t\t\t<\/div>\n\t\t<\/div>\n\t\t\t\t\t<\/div>\n\t\t<\/section>\n\t\t\t\t<section class=\"elementor-section elementor-top-section elementor-element elementor-element-521a0ea elementor-section-boxed elementor-section-height-default elementor-section-height-default\" data-id=\"521a0ea\" data-element_type=\"section\" data-e-type=\"section\">\n\t\t\t\t\t\t<div class=\"elementor-container elementor-column-gap-default\">\n\t\t\t\t\t<div class=\"elementor-column elementor-col-100 elementor-top-column elementor-element elementor-element-bb591f6\" data-id=\"bb591f6\" data-element_type=\"column\" data-e-type=\"column\">\n\t\t\t<div class=\"elementor-widget-wrap elementor-element-populated\">\n\t\t\t\t\t\t<div class=\"elementor-element elementor-element-6b2fedc elementor-widget elementor-widget-spacer\" data-id=\"6b2fedc\" data-element_type=\"widget\" data-e-type=\"widget\" data-widget_type=\"spacer.default\">\n\t\t\t\t<div class=\"elementor-widget-container\">\n\t\t\t\t\t\t\t<div class=\"elementor-spacer\">\n\t\t\t<div class=\"elementor-spacer-inner\"><\/div>\n\t\t<\/div>\n\t\t\t\t\t\t<\/div>\n\t\t\t\t<\/div>\n\t\t\t\t<div class=\"elementor-element elementor-element-8924a2c elementor-widget elementor-widget-text-editor\" data-id=\"8924a2c\" data-element_type=\"widget\" data-e-type=\"widget\" data-widget_type=\"text-editor.default\">\n\t\t\t\t<div class=\"elementor-widget-container\">\n\t\t\t\t\t\t\t\t\t<p>Vous \u00eates des descendants irlandais ou vous voulez en apprendre plus sur leurs histoires \u00e0 Qu\u00e9bec ? Venez marcher avec moi dans les quartiers de la ville de Qu\u00e9bec qui les ont accueillis et en apprendre plus sur leur histoire.<\/p>\t\t\t\t\t\t\t\t<\/div>\n\t\t\t\t<\/div>\n\t\t\t\t\t<\/div>\n\t\t<\/div>\n\t\t\t\t\t<\/div>\n\t\t<\/section>\n\t\t\t\t<section class=\"elementor-section elementor-top-section elementor-element elementor-element-407af08 elementor-section-boxed elementor-section-height-default elementor-section-height-default\" data-id=\"407af08\" data-element_type=\"section\" data-e-type=\"section\">\n\t\t\t\t\t\t<div class=\"elementor-container elementor-column-gap-default\">\n\t\t\t\t\t<div class=\"elementor-column elementor-col-100 elementor-top-column elementor-element elementor-element-81fa315\" data-id=\"81fa315\" data-element_type=\"column\" data-e-type=\"column\">\n\t\t\t<div class=\"elementor-widget-wrap elementor-element-populated\">\n\t\t\t\t\t\t<div class=\"elementor-element elementor-element-0b409b9 elementor-widget elementor-widget-text-editor\" data-id=\"0b409b9\" data-element_type=\"widget\" data-e-type=\"widget\" data-widget_type=\"text-editor.default\">\n\t\t\t\t<div class=\"elementor-widget-container\">\n\t\t\t\t\t\t\t\t\t<p><strong>En r\u00e9sum\u00e9 :<\/strong><\/p><ul><li>Dur\u00e9e du circuit : 3 heures<\/li><li>Profitez d'un circuit \u00e0 pied dans le Vieux-Qu\u00e9bec historique<\/li><li>D\u00e9couvrez l'architecture, l'histoire militaire et religieuse mais surtout histoire des Irlandais \u00e0 Qu\u00e9bec<\/li><li>Ayez votre propre guide priv\u00e9 agr\u00e9\u00e9<\/li><li>Billet de funiculaire fourni<\/li><li>Point de rencontre : votre h\u00e9bergement, terminal de croisi\u00e8re ou un lieu qui vous convient<\/li><li>Circuit p\u00e9destre d\u2019environ 4 km, de niveau facile interm\u00e9diaire (Qu\u00e9bec est une ville avec du relief alors petites mont\u00e9es \u00e0 pr\u00e9voir).<\/li><\/ul>\t\t\t\t\t\t\t\t<\/div>\n\t\t\t\t<\/div>\n\t\t\t\t\t<\/div>\n\t\t<\/div>\n\t\t\t\t\t<\/div>\n\t\t<\/section>\n\t\t\t\t<section class=\"elementor-section elementor-top-section elementor-element elementor-element-4c51a8a elementor-section-boxed elementor-section-height-default elementor-section-height-default\" data-id=\"4c51a8a\" data-element_type=\"section\" data-e-type=\"section\">\n\t\t\t\t\t\t<div class=\"elementor-container elementor-column-gap-default\">\n\t\t\t\t\t<div class=\"elementor-column elementor-col-100 elementor-top-column elementor-element elementor-element-2b63f57\" data-id=\"2b63f57\" data-element_type=\"column\" data-e-type=\"column\">\n\t\t\t<div class=\"elementor-widget-wrap elementor-element-populated\">\n\t\t\t\t\t\t<div class=\"elementor-element elementor-element-29e75a9 elementor-widget elementor-widget-text-editor\" data-id=\"29e75a9\" data-element_type=\"widget\" data-e-type=\"widget\" data-widget_type=\"text-editor.default\">\n\t\t\t\t<div class=\"elementor-widget-container\">\n\t\t\t\t\t\t\t\t\t<p><strong>N'oubliez pas votre appareil photo! Nous vous emm\u00e8nerons aux meilleurs endroits de la ville.<\/strong><\/p>\t\t\t\t\t\t\t\t<\/div>\n\t\t\t\t<\/div>\n\t\t\t\t<div class=\"elementor-element elementor-element-5964a71 elementor-widget elementor-widget-spacer\" data-id=\"5964a71\" data-element_type=\"widget\" data-e-type=\"widget\" data-widget_type=\"spacer.default\">\n\t\t\t\t<div class=\"elementor-widget-container\">\n\t\t\t\t\t\t\t<div class=\"elementor-spacer\">\n\t\t\t<div class=\"elementor-spacer-inner\"><\/div>\n\t\t<\/div>\n\t\t\t\t\t\t<\/div>\n\t\t\t\t<\/div>\n\t\t\t\t\t<\/div>\n\t\t<\/div>\n\t\t\t\t\t<\/div>\n\t\t<\/section>\n\t\t\t\t<section class=\"elementor-section elementor-top-section elementor-element elementor-element-85d6276 elementor-section-boxed elementor-section-height-default elementor-section-height-default\" data-id=\"85d6276\" data-element_type=\"section\" data-e-type=\"section\">\n\t\t\t\t\t\t<div class=\"elementor-container elementor-column-gap-default\">\n\t\t\t\t\t<div class=\"elementor-column elementor-col-100 elementor-top-column elementor-element elementor-element-4258473\" data-id=\"4258473\" data-element_type=\"column\" data-e-type=\"column\">\n\t\t\t<div class=\"elementor-widget-wrap elementor-element-populated\">\n\t\t\t\t\t\t<div class=\"elementor-element elementor-element-93f7e8a elementor-widget elementor-widget-text-editor\" data-id=\"93f7e8a\" data-element_type=\"widget\" data-e-type=\"widget\" data-widget_type=\"text-editor.default\">\n\t\t\t\t<div class=\"elementor-widget-container\">\n\t\t\t\t\t\t\t\t\t<p><strong>Prix :<\/strong><\/p>\n<ul>\n<li>$ 200 CAD for 2 people<\/li>\n<li>Ce circuit peut \u00eatre priv\u00e9 ou en groupe jusqu'\u00e0 20 personnes<\/li>\n<li>For each additional guest, please add $ 20 CAD<\/li>\n<\/ul>\t\t\t\t\t\t\t\t<\/div>\n\t\t\t\t<\/div>\n\t\t\t\t<div class=\"elementor-element elementor-element-6dafd25 elementor-widget elementor-widget-spacer\" data-id=\"6dafd25\" data-element_type=\"widget\" data-e-type=\"widget\" data-widget_type=\"spacer.default\">\n\t\t\t\t<div class=\"elementor-widget-container\">\n\t\t\t\t\t\t\t<div class=\"elementor-spacer\">\n\t\t\t<div class=\"elementor-spacer-inner\"><\/div>\n\t\t<\/div>\n\t\t\t\t\t\t<\/div>\n\t\t\t\t<\/div>\n\t\t\t\t\t<\/div>\n\t\t<\/div>\n\t\t\t\t\t<\/div>\n\t\t<\/section>\n\t\t\t\t<section class=\"elementor-section elementor-top-section elementor-element elementor-element-cb0d932 elementor-section-boxed elementor-section-height-default elementor-section-height-default\" data-id=\"cb0d932\" data-element_type=\"section\" data-e-type=\"section\">\n\t\t\t\t\t\t<div class=\"elementor-container elementor-column-gap-default\">\n\t\t\t\t\t<div class=\"elementor-column elementor-col-100 elementor-top-column elementor-element elementor-element-c5324ec\" data-id=\"c5324ec\" data-element_type=\"column\" data-e-type=\"column\">\n\t\t\t<div class=\"elementor-widget-wrap elementor-element-populated\">\n\t\t\t\t\t\t<div class=\"elementor-element elementor-element-702abcf elementor-widget elementor-widget-text-editor\" data-id=\"702abcf\" data-element_type=\"widget\" data-e-type=\"widget\" data-widget_type=\"text-editor.default\">\n\t\t\t\t<div class=\"elementor-widget-container\">\n\t\t\t\t\t\t\t\t\t<p><strong>Un d\u00e9p\u00f4t de 100 $ CAD est requis lors de la r\u00e9servation. Le solde peut \u00eatre pay\u00e9 en esp\u00e8ce ou par carte de cr\u00e9dit \u00e0 la fin de la visite. Veuillez lire la\u00a0<a href=\"http:\/\/y6g.695.myftpupload.com\/faq\/\">FAQ<\/a> pour apprendre plus sur les conditions de la r\u00e9servation.<\/strong><\/p>\t\t\t\t\t\t\t\t<\/div>\n\t\t\t\t<\/div>\n\t\t\t\t<div class=\"elementor-element elementor-element-aa74c57 elementor-align-center elementor-widget elementor-widget-button\" data-id=\"aa74c57\" data-element_type=\"widget\" data-e-type=\"widget\" data-widget_type=\"button.default\">\n\t\t\t\t<div class=\"elementor-widget-container\">\n\t\t\t\t\t\t\t\t\t<div class=\"elementor-button-wrapper\">\n\t\t\t\t\t<a class=\"elementor-button elementor-button-link elementor-size-md\" href=\"http:\/\/wke.a96.myftpupload.com\/book-the-meet-the-history-of-the-irish-walking-tour\/\" target=\"_blank\">\n\t\t\t\t\t\t<span class=\"elementor-button-content-wrapper\">\n\t\t\t\t\t\t\t\t\t<span class=\"elementor-button-text\">R\u00e9server<\/span>\n\t\t\t\t\t<\/span>\n\t\t\t\t\t<\/a>\n\t\t\t\t<\/div>\n\t\t\t\t\t\t\t\t<\/div>\n\t\t\t\t<\/div>\n\t\t\t\t\t<\/div>\n\t\t<\/div>\n\t\t\t\t\t<\/div>\n\t\t<\/section>\n\t\t\t\t<\/div>","protected":false},"excerpt":{"rendered":"<p>Perfect for photography 3 hours long Private tour Good idea for cruise passengers Walking tour In sunshine, in the rain and in winter Are you an Irish descendant or do you want to learn more about their stories in Quebec? Come and walk with me through the neighborhoods of Quebec City that welcomed them and learn more about their history. In summary : Duration of the tour : 3 hours. Enjoy a walking tour of historic Old Quebec. Discover the architecture, military and religious history but above all the history of the Irish in Quebec. You&#8217;ll have your own licensed private guide. Cable car ticket included. Meeting point : your accommodation, cruise terminal or a place that suits you. Pedestrian tour of about 4 km, easy intermediate level (Quebec is a city with hills so expect small climbs). Do not forget your camera! We will take you to the best places in town. Price : $ 200 CAD for 2 people This tour can be private or accept up to 20 people For each additional guest, please add $ 20 CAD $100 CAD deposit is required when booking. The balance can be paid in cash or by credit card at the end of the tour. Please read the\u00a0FAQ to learn about all reservation conditions. Book now<\/p>","protected":false},"author":2,"featured_media":2667,"parent":0,"menu_order":0,"comment_status":"closed","ping_status":"closed","template":"","meta":{"footnotes":""},"class_list":["post-2666","page","type-page","status-publish","has-post-thumbnail","hentry"],"yoast_head":"<!-- This site is optimized with the Yoast SEO plugin v27.4 - https:\/\/yoast.com\/product\/yoast-seo-wordpress\/ -->\n<title>Meet the history of the Irish walking tour - Frontenac Tours<\/title>\n<meta name=\"robots\" content=\"index, follow, max-snippet:-1, max-image-preview:large, max-video-preview:-1\" \/>\n<link rel=\"canonical\" href=\"https:\/\/frontenactours.com\/fr\/meet-the-history-of-the-irish-walking-tour\/\" \/>\n<meta property=\"og:locale\" content=\"fr_CA\" \/>\n<meta property=\"og:type\" content=\"article\" \/>\n<meta property=\"og:title\" content=\"Meet the history of the Irish walking tour - Frontenac Tours\" \/>\n<meta property=\"og:description\" content=\"Perfect for photography 3 hours long Private tour Good idea for cruise passengers Walking tour In sunshine, in the rain and in winter Are you an Irish descendant or do you want to learn more about their stories in Quebec? Come and walk with me through the neighborhoods of Quebec City that welcomed them and learn more about their history. In summary : Duration of the tour : 3 hours. Enjoy a walking tour of historic Old Quebec. Discover the architecture, military and religious history but above all the history of the Irish in Quebec. You&#8217;ll have your own licensed private guide. Cable car ticket included. Meeting point : your accommodation, cruise terminal or a place that suits you. Pedestrian tour of about 4 km, easy intermediate level (Quebec is a city with hills so expect small climbs). Do not forget your camera! We will take you to the best places in town. Price : $ 200 CAD for 2 people This tour can be private or accept up to 20 people For each additional guest, please add $ 20 CAD $100 CAD deposit is required when booking. The balance can be paid in cash or by credit card at the end of the tour. Please read the\u00a0FAQ to learn about all reservation conditions. Book now\" \/>\n<meta property=\"og:url\" content=\"https:\/\/frontenactours.com\/fr\/meet-the-history-of-the-irish-walking-tour\/\" \/>\n<meta property=\"og:site_name\" content=\"Frontenac Tours\" \/>\n<meta property=\"article:modified_time\" content=\"2023-03-01T15:18:05+00:00\" \/>\n<meta property=\"og:image\" content=\"https:\/\/frontenactours.com\/wp-content\/uploads\/2021\/03\/Untitled-design-3.jpg\" \/>\n\t<meta property=\"og:image:width\" content=\"1640\" \/>\n\t<meta property=\"og:image:height\" content=\"924\" \/>\n\t<meta property=\"og:image:type\" content=\"image\/jpeg\" \/>\n<meta name=\"twitter:card\" content=\"summary_large_image\" \/>\n<meta name=\"twitter:label1\" content=\"Estimation du temps de lecture\" \/>\n\t<meta name=\"twitter:data1\" content=\"1 minute\" \/>\n<script type=\"application\/ld+json\" class=\"yoast-schema-graph\">{\"@context\":\"https:\\\/\\\/schema.org\",\"@graph\":[{\"@type\":\"WebPage\",\"@id\":\"https:\\\/\\\/frontenactours.com\\\/meet-the-history-of-the-irish-walking-tour\\\/\",\"url\":\"https:\\\/\\\/frontenactours.com\\\/meet-the-history-of-the-irish-walking-tour\\\/\",\"name\":\"Meet the history of the Irish walking tour - Frontenac Tours\",\"isPartOf\":{\"@id\":\"https:\\\/\\\/frontenactours.com\\\/#website\"},\"primaryImageOfPage\":{\"@id\":\"https:\\\/\\\/frontenactours.com\\\/meet-the-history-of-the-irish-walking-tour\\\/#primaryimage\"},\"image\":{\"@id\":\"https:\\\/\\\/frontenactours.com\\\/meet-the-history-of-the-irish-walking-tour\\\/#primaryimage\"},\"thumbnailUrl\":\"https:\\\/\\\/frontenactours.com\\\/wp-content\\\/uploads\\\/2021\\\/03\\\/Untitled-design-3.jpg\",\"datePublished\":\"2021-03-27T15:10:12+00:00\",\"dateModified\":\"2023-03-01T15:18:05+00:00\",\"breadcrumb\":{\"@id\":\"https:\\\/\\\/frontenactours.com\\\/meet-the-history-of-the-irish-walking-tour\\\/#breadcrumb\"},\"inLanguage\":\"fr-CA\",\"potentialAction\":[{\"@type\":\"ReadAction\",\"target\":[\"https:\\\/\\\/frontenactours.com\\\/meet-the-history-of-the-irish-walking-tour\\\/\"]}]},{\"@type\":\"ImageObject\",\"inLanguage\":\"fr-CA\",\"@id\":\"https:\\\/\\\/frontenactours.com\\\/meet-the-history-of-the-irish-walking-tour\\\/#primaryimage\",\"url\":\"https:\\\/\\\/frontenactours.com\\\/wp-content\\\/uploads\\\/2021\\\/03\\\/Untitled-design-3.jpg\",\"contentUrl\":\"https:\\\/\\\/frontenactours.com\\\/wp-content\\\/uploads\\\/2021\\\/03\\\/Untitled-design-3.jpg\",\"width\":1640,\"height\":924},{\"@type\":\"BreadcrumbList\",\"@id\":\"https:\\\/\\\/frontenactours.com\\\/meet-the-history-of-the-irish-walking-tour\\\/#breadcrumb\",\"itemListElement\":[{\"@type\":\"ListItem\",\"position\":1,\"name\":\"Accueil\",\"item\":\"https:\\\/\\\/frontenactours.com\\\/\"},{\"@type\":\"ListItem\",\"position\":2,\"name\":\"Meet the history of the Irish walking tour\"}]},{\"@type\":\"WebSite\",\"@id\":\"https:\\\/\\\/frontenactours.com\\\/#website\",\"url\":\"https:\\\/\\\/frontenactours.com\\\/\",\"name\":\"Frontenac Tours\",\"description\":\"\",\"publisher\":{\"@id\":\"https:\\\/\\\/frontenactours.com\\\/#organization\"},\"potentialAction\":[{\"@type\":\"SearchAction\",\"target\":{\"@type\":\"EntryPoint\",\"urlTemplate\":\"https:\\\/\\\/frontenactours.com\\\/?s={search_term_string}\"},\"query-input\":{\"@type\":\"PropertyValueSpecification\",\"valueRequired\":true,\"valueName\":\"search_term_string\"}}],\"inLanguage\":\"fr-CA\"},{\"@type\":\"Organization\",\"@id\":\"https:\\\/\\\/frontenactours.com\\\/#organization\",\"name\":\"Frontenac Tours\",\"url\":\"https:\\\/\\\/frontenactours.com\\\/\",\"logo\":{\"@type\":\"ImageObject\",\"inLanguage\":\"fr-CA\",\"@id\":\"https:\\\/\\\/frontenactours.com\\\/#\\\/schema\\\/logo\\\/image\\\/\",\"url\":\"https:\\\/\\\/frontenactours.com\\\/wp-content\\\/uploads\\\/2020\\\/09\\\/cropped-FRONTENAC-15.png\",\"contentUrl\":\"https:\\\/\\\/frontenactours.com\\\/wp-content\\\/uploads\\\/2020\\\/09\\\/cropped-FRONTENAC-15.png\",\"width\":1500,\"height\":666,\"caption\":\"Frontenac Tours\"},\"image\":{\"@id\":\"https:\\\/\\\/frontenactours.com\\\/#\\\/schema\\\/logo\\\/image\\\/\"}}]}<\/script>\n<!-- \/ Yoast SEO plugin. -->","yoast_head_json":{"title":"Meet the history of the Irish walking tour - Frontenac Tours","robots":{"index":"index","follow":"follow","max-snippet":"max-snippet:-1","max-image-preview":"max-image-preview:large","max-video-preview":"max-video-preview:-1"},"canonical":"https:\/\/frontenactours.com\/fr\/meet-the-history-of-the-irish-walking-tour\/","og_locale":"fr_CA","og_type":"article","og_title":"Meet the history of the Irish walking tour - Frontenac Tours","og_description":"Perfect for photography 3 hours long Private tour Good idea for cruise passengers Walking tour In sunshine, in the rain and in winter Are you an Irish descendant or do you want to learn more about their stories in Quebec? Come and walk with me through the neighborhoods of Quebec City that welcomed them and learn more about their history. In summary : Duration of the tour : 3 hours. Enjoy a walking tour of historic Old Quebec. Discover the architecture, military and religious history but above all the history of the Irish in Quebec. You&#8217;ll have your own licensed private guide. Cable car ticket included. Meeting point : your accommodation, cruise terminal or a place that suits you. Pedestrian tour of about 4 km, easy intermediate level (Quebec is a city with hills so expect small climbs). Do not forget your camera! We will take you to the best places in town. Price : $ 200 CAD for 2 people This tour can be private or accept up to 20 people For each additional guest, please add $ 20 CAD $100 CAD deposit is required when booking. The balance can be paid in cash or by credit card at the end of the tour. Please read the\u00a0FAQ to learn about all reservation conditions. Book now","og_url":"https:\/\/frontenactours.com\/fr\/meet-the-history-of-the-irish-walking-tour\/","og_site_name":"Frontenac Tours","article_modified_time":"2023-03-01T15:18:05+00:00","og_image":[{"width":1640,"height":924,"url":"https:\/\/frontenactours.com\/wp-content\/uploads\/2021\/03\/Untitled-design-3.jpg","type":"image\/jpeg"}],"twitter_card":"summary_large_image","twitter_misc":{"Estimation du temps de lecture":"1 minute"},"schema":{"@context":"https:\/\/schema.org","@graph":[{"@type":"WebPage","@id":"https:\/\/frontenactours.com\/meet-the-history-of-the-irish-walking-tour\/","url":"https:\/\/frontenactours.com\/meet-the-history-of-the-irish-walking-tour\/","name":"Meet the history of the Irish walking tour - Frontenac Tours","isPartOf":{"@id":"https:\/\/frontenactours.com\/#website"},"primaryImageOfPage":{"@id":"https:\/\/frontenactours.com\/meet-the-history-of-the-irish-walking-tour\/#primaryimage"},"image":{"@id":"https:\/\/frontenactours.com\/meet-the-history-of-the-irish-walking-tour\/#primaryimage"},"thumbnailUrl":"https:\/\/frontenactours.com\/wp-content\/uploads\/2021\/03\/Untitled-design-3.jpg","datePublished":"2021-03-27T15:10:12+00:00","dateModified":"2023-03-01T15:18:05+00:00","breadcrumb":{"@id":"https:\/\/frontenactours.com\/meet-the-history-of-the-irish-walking-tour\/#breadcrumb"},"inLanguage":"fr-CA","potentialAction":[{"@type":"ReadAction","target":["https:\/\/frontenactours.com\/meet-the-history-of-the-irish-walking-tour\/"]}]},{"@type":"ImageObject","inLanguage":"fr-CA","@id":"https:\/\/frontenactours.com\/meet-the-history-of-the-irish-walking-tour\/#primaryimage","url":"https:\/\/frontenactours.com\/wp-content\/uploads\/2021\/03\/Untitled-design-3.jpg","contentUrl":"https:\/\/frontenactours.com\/wp-content\/uploads\/2021\/03\/Untitled-design-3.jpg","width":1640,"height":924},{"@type":"BreadcrumbList","@id":"https:\/\/frontenactours.com\/meet-the-history-of-the-irish-walking-tour\/#breadcrumb","itemListElement":[{"@type":"ListItem","position":1,"name":"Accueil","item":"https:\/\/frontenactours.com\/"},{"@type":"ListItem","position":2,"name":"Meet the history of the Irish walking tour"}]},{"@type":"WebSite","@id":"https:\/\/frontenactours.com\/#website","url":"https:\/\/frontenactours.com\/","name":"Frontenac Tours","description":"","publisher":{"@id":"https:\/\/frontenactours.com\/#organization"},"potentialAction":[{"@type":"SearchAction","target":{"@type":"EntryPoint","urlTemplate":"https:\/\/frontenactours.com\/?s={search_term_string}"},"query-input":{"@type":"PropertyValueSpecification","valueRequired":true,"valueName":"search_term_string"}}],"inLanguage":"fr-CA"},{"@type":"Organization","@id":"https:\/\/frontenactours.com\/#organization","name":"Frontenac Tours","url":"https:\/\/frontenactours.com\/","logo":{"@type":"ImageObject","inLanguage":"fr-CA","@id":"https:\/\/frontenactours.com\/#\/schema\/logo\/image\/","url":"https:\/\/frontenactours.com\/wp-content\/uploads\/2020\/09\/cropped-FRONTENAC-15.png","contentUrl":"https:\/\/frontenactours.com\/wp-content\/uploads\/2020\/09\/cropped-FRONTENAC-15.png","width":1500,"height":666,"caption":"Frontenac Tours"},"image":{"@id":"https:\/\/frontenactours.com\/#\/schema\/logo\/image\/"}}]}},"_links":{"self":[{"href":"https:\/\/frontenactours.com\/fr\/wp-json\/wp\/v2\/pages\/2666","targetHints":{"allow":["GET"]}}],"collection":[{"href":"https:\/\/frontenactours.com\/fr\/wp-json\/wp\/v2\/pages"}],"about":[{"href":"https:\/\/frontenactours.com\/fr\/wp-json\/wp\/v2\/types\/page"}],"author":[{"embeddable":true,"href":"https:\/\/frontenactours.com\/fr\/wp-json\/wp\/v2\/users\/2"}],"replies":[{"embeddable":true,"href":"https:\/\/frontenactours.com\/fr\/wp-json\/wp\/v2\/comments?post=2666"}],"version-history":[{"count":28,"href":"https:\/\/frontenactours.com\/fr\/wp-json\/wp\/v2\/pages\/2666\/revisions"}],"predecessor-version":[{"id":3069,"href":"https:\/\/frontenactours.com\/fr\/wp-json\/wp\/v2\/pages\/2666\/revisions\/3069"}],"wp:featuredmedia":[{"embeddable":true,"href":"https:\/\/frontenactours.com\/fr\/wp-json\/wp\/v2\/media\/2667"}],"wp:attachment":[{"href":"https:\/\/frontenactours.com\/fr\/wp-json\/wp\/v2\/media?parent=2666"}],"curies":[{"name":"wp","href":"https:\/\/api.w.org\/{rel}","templated":true}]}}