{"id":1520,"date":"2020-08-31T07:27:07","date_gmt":"2020-08-31T12:27:07","guid":{"rendered":"https:\/\/frontenactours.com\/?page_id=1520"},"modified":"2020-09-26T10:20:57","modified_gmt":"2020-09-26T15:20:57","slug":"our-tours","status":"publish","type":"page","link":"https:\/\/frontenactours.com\/fr\/our-tours\/","title":{"rendered":"Nos circuits"},"content":{"rendered":"<div data-elementor-type=\"wp-page\" data-elementor-id=\"1520\" class=\"elementor elementor-1520\">\n\t\t\t\t\t\t<section class=\"elementor-section elementor-top-section elementor-element elementor-element-6e3e5c5b elementor-section-content-middle elementor-section-boxed elementor-section-height-default elementor-section-height-default\" data-id=\"6e3e5c5b\" data-element_type=\"section\" data-e-type=\"section\" data-settings=\"{&quot;background_background&quot;:&quot;classic&quot;}\">\n\t\t\t\t\t\t<div class=\"elementor-container elementor-column-gap-no\">\n\t\t\t\t\t<div class=\"elementor-column elementor-col-100 elementor-top-column elementor-element elementor-element-668d24bf\" data-id=\"668d24bf\" data-element_type=\"column\" data-e-type=\"column\">\n\t\t\t<div class=\"elementor-widget-wrap elementor-element-populated\">\n\t\t\t\t\t\t<div class=\"elementor-element elementor-element-652876d elementor-widget elementor-widget-heading\" data-id=\"652876d\" data-element_type=\"widget\" data-e-type=\"widget\" data-widget_type=\"heading.default\">\n\t\t\t\t<div class=\"elementor-widget-container\">\n\t\t\t\t\t<h2 class=\"elementor-heading-title elementor-size-default\">Mesures particuli\u00e8res COVID-19 : pendant cette p\u00e9riode de pand\u00e9mie mondiale, nous adaptons nos tours et nos tarifs en fonction de la situation du jour. Le d\u00e9p\u00f4t de r\u00e9servation de 100$ CAD n\u2019est momentan\u00e9ment pas demand\u00e9 et le paiement de cet acompte peut se faire jusqu\u2019\u00e0 48 heures avant la date de l\u2019excursion. Certaines attractions peuvent \u00eatre provisoirement ferm\u00e9es et nous adaptons donc nos tours en fonction de vos souhaits et des disponibilit\u00e9s de nos prestataires. Nous nous conformons \u00e9galement aux r\u00e9glementations en vigueur concernant le port du masque, la d\u00e9sinfection et la distance sociale requise par les circonstances. N\u2019h\u00e9sitez pas \u00e0 nous contacter en cas de questions ou d\u2019incertitudes.<\/h2>\t\t\t\t<\/div>\n\t\t\t\t<\/div>\n\t\t\t\t<div class=\"elementor-element elementor-element-3e8d842 elementor-widget elementor-widget-heading\" data-id=\"3e8d842\" data-element_type=\"widget\" data-e-type=\"widget\" data-widget_type=\"heading.default\">\n\t\t\t\t<div class=\"elementor-widget-container\">\n\t\t\t\t\t<h4 class=\"elementor-heading-title elementor-size-default\">Nos circuits priv\u00e9s<\/h4>\t\t\t\t<\/div>\n\t\t\t\t<\/div>\n\t\t\t\t<section class=\"elementor-section elementor-inner-section elementor-element elementor-element-618a283c elementor-section-boxed elementor-section-height-default elementor-section-height-default\" data-id=\"618a283c\" data-element_type=\"section\" data-e-type=\"section\">\n\t\t\t\t\t\t<div class=\"elementor-container elementor-column-gap-default\">\n\t\t\t\t\t<div class=\"elementor-column elementor-col-50 elementor-inner-column elementor-element elementor-element-70aae22\" data-id=\"70aae22\" data-element_type=\"column\" data-e-type=\"column\">\n\t\t\t<div class=\"elementor-widget-wrap elementor-element-populated\">\n\t\t\t\t\t\t<div class=\"elementor-element elementor-element-5fab53e elementor-widget elementor-widget-image\" data-id=\"5fab53e\" data-element_type=\"widget\" data-e-type=\"widget\" data-widget_type=\"image.default\">\n\t\t\t\t<div class=\"elementor-widget-container\">\n\t\t\t\t\t\t\t\t\t\t\t\t\t\t\t<img fetchpriority=\"high\" decoding=\"async\" width=\"960\" height=\"720\" src=\"https:\/\/frontenactours.com\/wp-content\/uploads\/2020\/09\/IMG_1254-1024x768.jpeg\" class=\"attachment-large size-large wp-image-1782\" alt=\"\" srcset=\"https:\/\/frontenactours.com\/wp-content\/uploads\/2020\/09\/IMG_1254-1024x768.jpeg 1024w, https:\/\/frontenactours.com\/wp-content\/uploads\/2020\/09\/IMG_1254-300x225.jpeg 300w, https:\/\/frontenactours.com\/wp-content\/uploads\/2020\/09\/IMG_1254-768x576.jpeg 768w, https:\/\/frontenactours.com\/wp-content\/uploads\/2020\/09\/IMG_1254-600x450.jpeg 600w, https:\/\/frontenactours.com\/wp-content\/uploads\/2020\/09\/IMG_1254-1536x1152.jpeg 1536w, https:\/\/frontenactours.com\/wp-content\/uploads\/2020\/09\/IMG_1254-1140x855.jpeg 1140w, https:\/\/frontenactours.com\/wp-content\/uploads\/2020\/09\/IMG_1254.jpeg 2048w\" sizes=\"(max-width: 960px) 100vw, 960px\" \/>\t\t\t\t\t\t\t\t\t\t\t\t\t\t\t<\/div>\n\t\t\t\t<\/div>\n\t\t\t\t<div class=\"elementor-element elementor-element-9bd98f6 elementor-widget elementor-widget-icon-box\" data-id=\"9bd98f6\" data-element_type=\"widget\" data-e-type=\"widget\" data-widget_type=\"icon-box.default\">\n\t\t\t\t<div class=\"elementor-widget-container\">\n\t\t\t\t\t\t\t<div class=\"elementor-icon-box-wrapper\">\n\n\t\t\t\n\t\t\t\t\t\t<div class=\"elementor-icon-box-content\">\n\n\t\t\t\t\t\t\t\t\t<h3 class=\"elementor-icon-box-title\">\n\t\t\t\t\t\t<span  >\n\t\t\t\t\t\t\tCircuits \u00e0 pied\t\t\t\t\t\t<\/span>\n\t\t\t\t\t<\/h3>\n\t\t\t\t\n\t\t\t\t\t\t\t\t\t<p class=\"elementor-icon-box-description\">\n\t\t\t\t\t\tRejoignez-nous et d\u00e9couvrez la belle ville de Qu\u00e9bec en vous promenant dans ses charmantes rues de style europ\u00e9en, en d\u00e9gustant des sp\u00e9cialit\u00e9s locales et en d\u00e9couvrant son histoire.\t\t\t\t\t<\/p>\n\t\t\t\t\n\t\t\t<\/div>\n\t\t\t\n\t\t<\/div>\n\t\t\t\t\t\t<\/div>\n\t\t\t\t<\/div>\n\t\t\t\t<div class=\"elementor-element elementor-element-be4c72f elementor-align-center elementor-widget elementor-widget-button\" data-id=\"be4c72f\" data-element_type=\"widget\" data-e-type=\"widget\" data-widget_type=\"button.default\">\n\t\t\t\t<div class=\"elementor-widget-container\">\n\t\t\t\t\t\t\t\t\t<div class=\"elementor-button-wrapper\">\n\t\t\t\t\t<a class=\"elementor-button elementor-button-link elementor-size-sm\" href=\"http:\/\/y6g.695.myftpupload.com\/walking-tours\/\" target=\"_blank\">\n\t\t\t\t\t\t<span class=\"elementor-button-content-wrapper\">\n\t\t\t\t\t\t\t\t\t<span class=\"elementor-button-text\">En savoir plus<\/span>\n\t\t\t\t\t<\/span>\n\t\t\t\t\t<\/a>\n\t\t\t\t<\/div>\n\t\t\t\t\t\t\t\t<\/div>\n\t\t\t\t<\/div>\n\t\t\t\t\t<\/div>\n\t\t<\/div>\n\t\t\t\t<div class=\"elementor-column elementor-col-50 elementor-inner-column elementor-element elementor-element-668e645b\" data-id=\"668e645b\" data-element_type=\"column\" data-e-type=\"column\">\n\t\t\t<div class=\"elementor-widget-wrap elementor-element-populated\">\n\t\t\t\t\t\t<div class=\"elementor-element elementor-element-289945b elementor-widget elementor-widget-image\" data-id=\"289945b\" data-element_type=\"widget\" data-e-type=\"widget\" data-widget_type=\"image.default\">\n\t\t\t\t<div class=\"elementor-widget-container\">\n\t\t\t\t\t\t\t\t\t\t\t\t\t\t\t<img decoding=\"async\" width=\"300\" height=\"225\" src=\"https:\/\/frontenactours.com\/wp-content\/uploads\/2020\/09\/DSCN5888-300x225.jpg\" class=\"attachment-medium size-medium wp-image-1785\" alt=\"\" srcset=\"https:\/\/frontenactours.com\/wp-content\/uploads\/2020\/09\/DSCN5888-300x225.jpg 300w, https:\/\/frontenactours.com\/wp-content\/uploads\/2020\/09\/DSCN5888-1024x768.jpg 1024w, https:\/\/frontenactours.com\/wp-content\/uploads\/2020\/09\/DSCN5888-768x576.jpg 768w, https:\/\/frontenactours.com\/wp-content\/uploads\/2020\/09\/DSCN5888-600x450.jpg 600w, https:\/\/frontenactours.com\/wp-content\/uploads\/2020\/09\/DSCN5888-1536x1152.jpg 1536w, https:\/\/frontenactours.com\/wp-content\/uploads\/2020\/09\/DSCN5888-2048x1536.jpg 2048w, https:\/\/frontenactours.com\/wp-content\/uploads\/2020\/09\/DSCN5888-1140x855.jpg 1140w\" sizes=\"(max-width: 300px) 100vw, 300px\" \/>\t\t\t\t\t\t\t\t\t\t\t\t\t\t\t<\/div>\n\t\t\t\t<\/div>\n\t\t\t\t<div class=\"elementor-element elementor-element-62443643 elementor-widget elementor-widget-icon-box\" data-id=\"62443643\" data-element_type=\"widget\" data-e-type=\"widget\" data-widget_type=\"icon-box.default\">\n\t\t\t\t<div class=\"elementor-widget-container\">\n\t\t\t\t\t\t\t<div class=\"elementor-icon-box-wrapper\">\n\n\t\t\t\n\t\t\t\t\t\t<div class=\"elementor-icon-box-content\">\n\n\t\t\t\t\t\t\t\t\t<h3 class=\"elementor-icon-box-title\">\n\t\t\t\t\t\t<span  >\n\t\t\t\t\t\t\tCircuits en voiture\t\t\t\t\t\t<\/span>\n\t\t\t\t\t<\/h3>\n\t\t\t\t\n\t\t\t\t\t\t\t\t\t<p class=\"elementor-icon-box-description\">\n\t\t\t\t\t\tD\u00e9couvrez les tr\u00e9sors de la C\u00f4te de Beaupr\u00e9. Vous serez charm\u00e9s par la beaut\u00e9 des Chutes Montmorency, de l'\u00cele d'Orl\u00e9ans et de la Basilique Sainte-Anne-de-Beaupr\u00e9.\t\t\t\t\t<\/p>\n\t\t\t\t\n\t\t\t<\/div>\n\t\t\t\n\t\t<\/div>\n\t\t\t\t\t\t<\/div>\n\t\t\t\t<\/div>\n\t\t\t\t<div class=\"elementor-element elementor-element-7586793 elementor-align-center elementor-widget elementor-widget-button\" data-id=\"7586793\" data-element_type=\"widget\" data-e-type=\"widget\" data-widget_type=\"button.default\">\n\t\t\t\t<div class=\"elementor-widget-container\">\n\t\t\t\t\t\t\t\t\t<div class=\"elementor-button-wrapper\">\n\t\t\t\t\t<a class=\"elementor-button elementor-button-link elementor-size-sm\" href=\"http:\/\/y6g.695.myftpupload.com\/driving-tour\/\" target=\"_blank\">\n\t\t\t\t\t\t<span class=\"elementor-button-content-wrapper\">\n\t\t\t\t\t\t\t\t\t<span class=\"elementor-button-text\">En savoir plus<\/span>\n\t\t\t\t\t<\/span>\n\t\t\t\t\t<\/a>\n\t\t\t\t<\/div>\n\t\t\t\t\t\t\t\t<\/div>\n\t\t\t\t<\/div>\n\t\t\t\t\t<\/div>\n\t\t<\/div>\n\t\t\t\t\t<\/div>\n\t\t<\/section>\n\t\t\t\t<section class=\"elementor-section elementor-inner-section elementor-element elementor-element-76153ed2 elementor-section-boxed elementor-section-height-default elementor-section-height-default\" data-id=\"76153ed2\" data-element_type=\"section\" data-e-type=\"section\">\n\t\t\t\t\t\t<div class=\"elementor-container elementor-column-gap-default\">\n\t\t\t\t\t<div class=\"elementor-column elementor-col-50 elementor-inner-column elementor-element elementor-element-1b25a6ca\" data-id=\"1b25a6ca\" data-element_type=\"column\" data-e-type=\"column\">\n\t\t\t<div class=\"elementor-widget-wrap elementor-element-populated\">\n\t\t\t\t\t\t<div class=\"elementor-element elementor-element-6e2d5a2 elementor-widget elementor-widget-image\" data-id=\"6e2d5a2\" data-element_type=\"widget\" data-e-type=\"widget\" data-widget_type=\"image.default\">\n\t\t\t\t<div class=\"elementor-widget-container\">\n\t\t\t\t\t\t\t\t\t\t\t\t\t\t\t<img decoding=\"async\" width=\"225\" height=\"300\" src=\"https:\/\/frontenactours.com\/wp-content\/uploads\/2019\/12\/Frontenac-Tours-52-225x300.jpg\" class=\"attachment-medium size-medium wp-image-439\" alt=\"\" srcset=\"https:\/\/frontenactours.com\/wp-content\/uploads\/2019\/12\/Frontenac-Tours-52-225x300.jpg 225w, https:\/\/frontenactours.com\/wp-content\/uploads\/2019\/12\/Frontenac-Tours-52-768x1024.jpg 768w, https:\/\/frontenactours.com\/wp-content\/uploads\/2019\/12\/Frontenac-Tours-52-480x640.jpg 480w, https:\/\/frontenactours.com\/wp-content\/uploads\/2019\/12\/Frontenac-Tours-52.jpg 900w\" sizes=\"(max-width: 225px) 100vw, 225px\" \/>\t\t\t\t\t\t\t\t\t\t\t\t\t\t\t<\/div>\n\t\t\t\t<\/div>\n\t\t\t\t<div class=\"elementor-element elementor-element-7196eb38 elementor-widget elementor-widget-icon-box\" data-id=\"7196eb38\" data-element_type=\"widget\" data-e-type=\"widget\" data-widget_type=\"icon-box.default\">\n\t\t\t\t<div class=\"elementor-widget-container\">\n\t\t\t\t\t\t\t<div class=\"elementor-icon-box-wrapper\">\n\n\t\t\t\n\t\t\t\t\t\t<div class=\"elementor-icon-box-content\">\n\n\t\t\t\t\t\t\t\t\t<h3 class=\"elementor-icon-box-title\">\n\t\t\t\t\t\t<span  >\n\t\t\t\t\t\t\tWalk &amp; Drive Tours\t\t\t\t\t\t<\/span>\n\t\t\t\t\t<\/h3>\n\t\t\t\t\n\t\t\t\t\t\t\t\t\t<p class=\"elementor-icon-box-description\">\n\t\t\t\t\t\tSi vous n'avez qu'une journ\u00e9e \u00e0 Qu\u00e9bec, voici une option parfaite pour optimiser votre visite et d\u00e9couvrir la ville. Ce circuit est \u00e0 peu pr\u00e8s tout ce que vous devriez voir dans la Ville de Qu\u00e9bec et dans les environs.\t\t\t\t\t<\/p>\n\t\t\t\t\n\t\t\t<\/div>\n\t\t\t\n\t\t<\/div>\n\t\t\t\t\t\t<\/div>\n\t\t\t\t<\/div>\n\t\t\t\t<div class=\"elementor-element elementor-element-9ce416d elementor-align-center elementor-widget elementor-widget-button\" data-id=\"9ce416d\" data-element_type=\"widget\" data-e-type=\"widget\" data-widget_type=\"button.default\">\n\t\t\t\t<div class=\"elementor-widget-container\">\n\t\t\t\t\t\t\t\t\t<div class=\"elementor-button-wrapper\">\n\t\t\t\t\t<a class=\"elementor-button elementor-button-link elementor-size-sm\" href=\"http:\/\/y6g.695.myftpupload.com\/walk-and-drive-tours\/\" target=\"_blank\">\n\t\t\t\t\t\t<span class=\"elementor-button-content-wrapper\">\n\t\t\t\t\t\t\t\t\t<span class=\"elementor-button-text\">En savoir plus<\/span>\n\t\t\t\t\t<\/span>\n\t\t\t\t\t<\/a>\n\t\t\t\t<\/div>\n\t\t\t\t\t\t\t\t<\/div>\n\t\t\t\t<\/div>\n\t\t\t\t\t<\/div>\n\t\t<\/div>\n\t\t\t\t<div class=\"elementor-column elementor-col-50 elementor-inner-column elementor-element elementor-element-453c9b14\" data-id=\"453c9b14\" data-element_type=\"column\" data-e-type=\"column\">\n\t\t\t<div class=\"elementor-widget-wrap elementor-element-populated\">\n\t\t\t\t\t\t<div class=\"elementor-element elementor-element-dc7fe77 elementor-widget elementor-widget-image\" data-id=\"dc7fe77\" data-element_type=\"widget\" data-e-type=\"widget\" data-widget_type=\"image.default\">\n\t\t\t\t<div class=\"elementor-widget-container\">\n\t\t\t\t\t\t\t\t\t\t\t\t\t\t\t<img loading=\"lazy\" decoding=\"async\" width=\"225\" height=\"300\" src=\"https:\/\/frontenactours.com\/wp-content\/uploads\/2020\/09\/IMG_0180-225x300.jpeg\" class=\"attachment-medium size-medium wp-image-1859\" alt=\"\" srcset=\"https:\/\/frontenactours.com\/wp-content\/uploads\/2020\/09\/IMG_0180-225x300.jpeg 225w, https:\/\/frontenactours.com\/wp-content\/uploads\/2020\/09\/IMG_0180-768x1024.jpeg 768w, https:\/\/frontenactours.com\/wp-content\/uploads\/2020\/09\/IMG_0180-600x800.jpeg 600w, https:\/\/frontenactours.com\/wp-content\/uploads\/2020\/09\/IMG_0180-1152x1536.jpeg 1152w, https:\/\/frontenactours.com\/wp-content\/uploads\/2020\/09\/IMG_0180-1140x1520.jpeg 1140w, https:\/\/frontenactours.com\/wp-content\/uploads\/2020\/09\/IMG_0180.jpeg 1536w\" sizes=\"(max-width: 225px) 100vw, 225px\" \/>\t\t\t\t\t\t\t\t\t\t\t\t\t\t\t<\/div>\n\t\t\t\t<\/div>\n\t\t\t\t<div class=\"elementor-element elementor-element-4b7fb83e elementor-widget elementor-widget-icon-box\" data-id=\"4b7fb83e\" data-element_type=\"widget\" data-e-type=\"widget\" data-widget_type=\"icon-box.default\">\n\t\t\t\t<div class=\"elementor-widget-container\">\n\t\t\t\t\t\t\t<div class=\"elementor-icon-box-wrapper\">\n\n\t\t\t\n\t\t\t\t\t\t<div class=\"elementor-icon-box-content\">\n\n\t\t\t\t\t\t\t\t\t<h3 class=\"elementor-icon-box-title\">\n\t\t\t\t\t\t<span  >\n\t\t\t\t\t\t\tCircuits en hiver\t\t\t\t\t\t<\/span>\n\t\t\t\t\t<\/h3>\n\t\t\t\t\n\t\t\t\t\t\t\t\t\t<p class=\"elementor-icon-box-description\">\n\t\t\t\t\t\tD\u00e9couvrez la Ville de Qu\u00e9bec et ses environs sous la couverture blanche de la neige. Nous vous montrerons les endroits incroyables pour une photo parfaite, l'exceptionnel H\u00f4tel de Glace et des endroits charmants o\u00f9 vous pourrez vous r\u00e9chauffer pendant votre visite.\t\t\t\t\t<\/p>\n\t\t\t\t\n\t\t\t<\/div>\n\t\t\t\n\t\t<\/div>\n\t\t\t\t\t\t<\/div>\n\t\t\t\t<\/div>\n\t\t\t\t<div class=\"elementor-element elementor-element-a6cd7f8 elementor-align-center elementor-widget elementor-widget-button\" data-id=\"a6cd7f8\" data-element_type=\"widget\" data-e-type=\"widget\" data-widget_type=\"button.default\">\n\t\t\t\t<div class=\"elementor-widget-container\">\n\t\t\t\t\t\t\t\t\t<div class=\"elementor-button-wrapper\">\n\t\t\t\t\t<a class=\"elementor-button elementor-button-link elementor-size-sm\" href=\"#\">\n\t\t\t\t\t\t<span class=\"elementor-button-content-wrapper\">\n\t\t\t\t\t\t\t\t\t<span class=\"elementor-button-text\">En savoir plus<\/span>\n\t\t\t\t\t<\/span>\n\t\t\t\t\t<\/a>\n\t\t\t\t<\/div>\n\t\t\t\t\t\t\t\t<\/div>\n\t\t\t\t<\/div>\n\t\t\t\t\t<\/div>\n\t\t<\/div>\n\t\t\t\t\t<\/div>\n\t\t<\/section>\n\t\t\t\t<div class=\"elementor-element elementor-element-8bca5ae elementor-widget elementor-widget-text-editor\" data-id=\"8bca5ae\" data-element_type=\"widget\" data-e-type=\"widget\" data-widget_type=\"text-editor.default\">\n\t\t\t\t<div class=\"elementor-widget-container\">\n\t\t\t\t\t\t\t\t\t<p style=\"text-align: center;\">Plus de d\u00e9tails sur nos circuits en hiver seront disponibles sous peu.<\/p>\t\t\t\t\t\t\t\t<\/div>\n\t\t\t\t<\/div>\n\t\t\t\t\t<\/div>\n\t\t<\/div>\n\t\t\t\t\t<\/div>\n\t\t<\/section>\n\t\t\t\t<\/div>","protected":false},"excerpt":{"rendered":"<p>COVID-19 specific measures: during this period of a global pandemic, we adapt our tours and our prices according to the situation of the day. The reservation deposit of $100 CAD is not currently requested and payment of this deposit can be made up to 48 hours before the date of the excursion. Some attractions may be temporarily closed and we therefore adapt our tours according to your wishes and the availability of our service providers. We also comply with the regulations in force concerning the wearing of a mask, disinfection and the social distance required by the circumstances. Don\u2019t hesitate to contact us with any questions or uncertainties. Our Private Tours Walking Tours Join us and discover the beautiful Quebec City by walking through its charming European style streets, tasting local specialities and learning about its history. Read more Driving Tours Discover the treasures of the C\u00f4te de Beaupr\u00e9. You&#8217;ll be charmed by the beauty of the Montmorency Falls, the \u00cele d&#8217;Orl\u00e9ans and the Basilique St-Anne-de-Beaupr\u00e9. Read more Walk &#038; Drive Tours If you only have one day in Quebec, here is a perfect option to optimize your visit and to discover the city. This tour is about everything you should see in and around Quebec. Read more Winter Tours Discover Quebec City and its surroundings under the the white cover of the snow. We&#8217;ll show you amazing photo spots, the unique Ice Hotel and cute places where you can warm up during your visit. Read more More details about our Winter Tours are coming soon.<\/p>","protected":false},"author":2,"featured_media":0,"parent":0,"menu_order":0,"comment_status":"closed","ping_status":"closed","template":"","meta":{"footnotes":""},"class_list":["post-1520","page","type-page","status-publish","hentry"],"yoast_head":"<!-- This site is optimized with the Yoast SEO plugin v27.4 - https:\/\/yoast.com\/product\/yoast-seo-wordpress\/ -->\n<title>Our Tours - Frontenac Tours<\/title>\n<meta name=\"description\" content=\"With our tours you&#039;ll be able to discover the beauty of Quebec City. We certainly have the best and most interesting tours for you.\" \/>\n<meta name=\"robots\" content=\"index, follow, max-snippet:-1, max-image-preview:large, max-video-preview:-1\" \/>\n<link rel=\"canonical\" href=\"https:\/\/frontenactours.com\/fr\/our-tours\/\" \/>\n<meta property=\"og:locale\" content=\"fr_CA\" \/>\n<meta property=\"og:type\" content=\"article\" \/>\n<meta property=\"og:title\" content=\"Our Tours - Frontenac Tours\" \/>\n<meta property=\"og:description\" content=\"With our tours you&#039;ll be able to discover the beauty of Quebec City. We certainly have the best and most interesting tours for you.\" \/>\n<meta property=\"og:url\" content=\"https:\/\/frontenactours.com\/fr\/our-tours\/\" \/>\n<meta property=\"og:site_name\" content=\"Frontenac Tours\" \/>\n<meta property=\"article:modified_time\" content=\"2020-09-26T15:20:57+00:00\" \/>\n<meta property=\"og:image\" content=\"https:\/\/frontenactours.com\/wp-content\/uploads\/2020\/09\/IMG_1254-1024x768.jpeg\" \/>\n<meta name=\"twitter:card\" content=\"summary_large_image\" \/>\n<meta name=\"twitter:label1\" content=\"Estimation du temps de lecture\" \/>\n\t<meta name=\"twitter:data1\" content=\"1 minute\" \/>\n<script type=\"application\/ld+json\" class=\"yoast-schema-graph\">{\"@context\":\"https:\\\/\\\/schema.org\",\"@graph\":[{\"@type\":\"WebPage\",\"@id\":\"https:\\\/\\\/frontenactours.com\\\/our-tours\\\/\",\"url\":\"https:\\\/\\\/frontenactours.com\\\/our-tours\\\/\",\"name\":\"Our Tours - Frontenac Tours\",\"isPartOf\":{\"@id\":\"https:\\\/\\\/frontenactours.com\\\/#website\"},\"primaryImageOfPage\":{\"@id\":\"https:\\\/\\\/frontenactours.com\\\/our-tours\\\/#primaryimage\"},\"image\":{\"@id\":\"https:\\\/\\\/frontenactours.com\\\/our-tours\\\/#primaryimage\"},\"thumbnailUrl\":\"https:\\\/\\\/frontenactours.com\\\/wp-content\\\/uploads\\\/2020\\\/09\\\/IMG_1254-1024x768.jpeg\",\"datePublished\":\"2020-08-31T12:27:07+00:00\",\"dateModified\":\"2020-09-26T15:20:57+00:00\",\"description\":\"With our tours you'll be able to discover the beauty of Quebec City. We certainly have the best and most interesting tours for you.\",\"breadcrumb\":{\"@id\":\"https:\\\/\\\/frontenactours.com\\\/our-tours\\\/#breadcrumb\"},\"inLanguage\":\"fr-CA\",\"potentialAction\":[{\"@type\":\"ReadAction\",\"target\":[\"https:\\\/\\\/frontenactours.com\\\/our-tours\\\/\"]}]},{\"@type\":\"ImageObject\",\"inLanguage\":\"fr-CA\",\"@id\":\"https:\\\/\\\/frontenactours.com\\\/our-tours\\\/#primaryimage\",\"url\":\"https:\\\/\\\/frontenactours.com\\\/wp-content\\\/uploads\\\/2020\\\/09\\\/IMG_1254-1024x768.jpeg\",\"contentUrl\":\"https:\\\/\\\/frontenactours.com\\\/wp-content\\\/uploads\\\/2020\\\/09\\\/IMG_1254-1024x768.jpeg\"},{\"@type\":\"BreadcrumbList\",\"@id\":\"https:\\\/\\\/frontenactours.com\\\/our-tours\\\/#breadcrumb\",\"itemListElement\":[{\"@type\":\"ListItem\",\"position\":1,\"name\":\"Accueil\",\"item\":\"https:\\\/\\\/frontenactours.com\\\/\"},{\"@type\":\"ListItem\",\"position\":2,\"name\":\"Our Tours\"}]},{\"@type\":\"WebSite\",\"@id\":\"https:\\\/\\\/frontenactours.com\\\/#website\",\"url\":\"https:\\\/\\\/frontenactours.com\\\/\",\"name\":\"Frontenac Tours\",\"description\":\"\",\"publisher\":{\"@id\":\"https:\\\/\\\/frontenactours.com\\\/#organization\"},\"potentialAction\":[{\"@type\":\"SearchAction\",\"target\":{\"@type\":\"EntryPoint\",\"urlTemplate\":\"https:\\\/\\\/frontenactours.com\\\/?s={search_term_string}\"},\"query-input\":{\"@type\":\"PropertyValueSpecification\",\"valueRequired\":true,\"valueName\":\"search_term_string\"}}],\"inLanguage\":\"fr-CA\"},{\"@type\":\"Organization\",\"@id\":\"https:\\\/\\\/frontenactours.com\\\/#organization\",\"name\":\"Frontenac Tours\",\"url\":\"https:\\\/\\\/frontenactours.com\\\/\",\"logo\":{\"@type\":\"ImageObject\",\"inLanguage\":\"fr-CA\",\"@id\":\"https:\\\/\\\/frontenactours.com\\\/#\\\/schema\\\/logo\\\/image\\\/\",\"url\":\"https:\\\/\\\/frontenactours.com\\\/wp-content\\\/uploads\\\/2020\\\/09\\\/cropped-FRONTENAC-15.png\",\"contentUrl\":\"https:\\\/\\\/frontenactours.com\\\/wp-content\\\/uploads\\\/2020\\\/09\\\/cropped-FRONTENAC-15.png\",\"width\":1500,\"height\":666,\"caption\":\"Frontenac Tours\"},\"image\":{\"@id\":\"https:\\\/\\\/frontenactours.com\\\/#\\\/schema\\\/logo\\\/image\\\/\"}}]}<\/script>\n<!-- \/ Yoast SEO plugin. -->","yoast_head_json":{"title":"Our Tours - Frontenac Tours","description":"With our tours you'll be able to discover the beauty of Quebec City. We certainly have the best and most interesting tours for you.","robots":{"index":"index","follow":"follow","max-snippet":"max-snippet:-1","max-image-preview":"max-image-preview:large","max-video-preview":"max-video-preview:-1"},"canonical":"https:\/\/frontenactours.com\/fr\/our-tours\/","og_locale":"fr_CA","og_type":"article","og_title":"Our Tours - Frontenac Tours","og_description":"With our tours you'll be able to discover the beauty of Quebec City. We certainly have the best and most interesting tours for you.","og_url":"https:\/\/frontenactours.com\/fr\/our-tours\/","og_site_name":"Frontenac Tours","article_modified_time":"2020-09-26T15:20:57+00:00","og_image":[{"url":"https:\/\/frontenactours.com\/wp-content\/uploads\/2020\/09\/IMG_1254-1024x768.jpeg","type":"","width":"","height":""}],"twitter_card":"summary_large_image","twitter_misc":{"Estimation du temps de lecture":"1 minute"},"schema":{"@context":"https:\/\/schema.org","@graph":[{"@type":"WebPage","@id":"https:\/\/frontenactours.com\/our-tours\/","url":"https:\/\/frontenactours.com\/our-tours\/","name":"Our Tours - Frontenac Tours","isPartOf":{"@id":"https:\/\/frontenactours.com\/#website"},"primaryImageOfPage":{"@id":"https:\/\/frontenactours.com\/our-tours\/#primaryimage"},"image":{"@id":"https:\/\/frontenactours.com\/our-tours\/#primaryimage"},"thumbnailUrl":"https:\/\/frontenactours.com\/wp-content\/uploads\/2020\/09\/IMG_1254-1024x768.jpeg","datePublished":"2020-08-31T12:27:07+00:00","dateModified":"2020-09-26T15:20:57+00:00","description":"With our tours you'll be able to discover the beauty of Quebec City. We certainly have the best and most interesting tours for you.","breadcrumb":{"@id":"https:\/\/frontenactours.com\/our-tours\/#breadcrumb"},"inLanguage":"fr-CA","potentialAction":[{"@type":"ReadAction","target":["https:\/\/frontenactours.com\/our-tours\/"]}]},{"@type":"ImageObject","inLanguage":"fr-CA","@id":"https:\/\/frontenactours.com\/our-tours\/#primaryimage","url":"https:\/\/frontenactours.com\/wp-content\/uploads\/2020\/09\/IMG_1254-1024x768.jpeg","contentUrl":"https:\/\/frontenactours.com\/wp-content\/uploads\/2020\/09\/IMG_1254-1024x768.jpeg"},{"@type":"BreadcrumbList","@id":"https:\/\/frontenactours.com\/our-tours\/#breadcrumb","itemListElement":[{"@type":"ListItem","position":1,"name":"Accueil","item":"https:\/\/frontenactours.com\/"},{"@type":"ListItem","position":2,"name":"Our Tours"}]},{"@type":"WebSite","@id":"https:\/\/frontenactours.com\/#website","url":"https:\/\/frontenactours.com\/","name":"Frontenac Tours","description":"","publisher":{"@id":"https:\/\/frontenactours.com\/#organization"},"potentialAction":[{"@type":"SearchAction","target":{"@type":"EntryPoint","urlTemplate":"https:\/\/frontenactours.com\/?s={search_term_string}"},"query-input":{"@type":"PropertyValueSpecification","valueRequired":true,"valueName":"search_term_string"}}],"inLanguage":"fr-CA"},{"@type":"Organization","@id":"https:\/\/frontenactours.com\/#organization","name":"Frontenac Tours","url":"https:\/\/frontenactours.com\/","logo":{"@type":"ImageObject","inLanguage":"fr-CA","@id":"https:\/\/frontenactours.com\/#\/schema\/logo\/image\/","url":"https:\/\/frontenactours.com\/wp-content\/uploads\/2020\/09\/cropped-FRONTENAC-15.png","contentUrl":"https:\/\/frontenactours.com\/wp-content\/uploads\/2020\/09\/cropped-FRONTENAC-15.png","width":1500,"height":666,"caption":"Frontenac Tours"},"image":{"@id":"https:\/\/frontenactours.com\/#\/schema\/logo\/image\/"}}]}},"_links":{"self":[{"href":"https:\/\/frontenactours.com\/fr\/wp-json\/wp\/v2\/pages\/1520","targetHints":{"allow":["GET"]}}],"collection":[{"href":"https:\/\/frontenactours.com\/fr\/wp-json\/wp\/v2\/pages"}],"about":[{"href":"https:\/\/frontenactours.com\/fr\/wp-json\/wp\/v2\/types\/page"}],"author":[{"embeddable":true,"href":"https:\/\/frontenactours.com\/fr\/wp-json\/wp\/v2\/users\/2"}],"replies":[{"embeddable":true,"href":"https:\/\/frontenactours.com\/fr\/wp-json\/wp\/v2\/comments?post=1520"}],"version-history":[{"count":24,"href":"https:\/\/frontenactours.com\/fr\/wp-json\/wp\/v2\/pages\/1520\/revisions"}],"predecessor-version":[{"id":2005,"href":"https:\/\/frontenactours.com\/fr\/wp-json\/wp\/v2\/pages\/1520\/revisions\/2005"}],"wp:attachment":[{"href":"https:\/\/frontenactours.com\/fr\/wp-json\/wp\/v2\/media?parent=1520"}],"curies":[{"name":"wp","href":"https:\/\/api.w.org\/{rel}","templated":true}]}}